{"id":77,"date":"2020-07-24T19:57:02","date_gmt":"2020-07-24T19:57:02","guid":{"rendered":"https:\/\/www.trau-zweig.de\/?page_id=77"},"modified":"2022-01-07T17:19:03","modified_gmt":"2022-01-07T15:19:03","slug":"home","status":"publish","type":"page","link":"https:\/\/www.trau-zweig.de\/","title":{"rendered":"Home"},"content":{"rendered":"\t\t<div data-elementor-type=\"wp-page\" data-elementor-id=\"77\" class=\"elementor elementor-77\">\n\t\t\t\t\t\t<section class=\"elementor-section elementor-top-section elementor-element elementor-element-4c86905 elementor-section-stretched elementor-section-full_width elementor-section-height-default elementor-section-height-default\" data-id=\"4c86905\" data-element_type=\"section\" data-settings=\"{&quot;stretch_section&quot;:&quot;section-stretched&quot;}\">\n\t\t\t\t\t\t<div class=\"elementor-container elementor-column-gap-default\">\n\t\t\t\t\t<div class=\"elementor-column elementor-col-50 elementor-top-column elementor-element elementor-element-8e124c8\" data-id=\"8e124c8\" data-element_type=\"column\">\n\t\t\t<div class=\"elementor-widget-wrap elementor-element-populated\">\n\t\t\t\t\t\t<div class=\"elementor-element elementor-element-239faac animated-slow elementor-pagination-position-outside elementor-invisible elementor-widget elementor-widget-image-carousel\" data-id=\"239faac\" data-element_type=\"widget\" data-settings=\"{&quot;slides_to_show&quot;:&quot;1&quot;,&quot;navigation&quot;:&quot;dots&quot;,&quot;pause_on_hover&quot;:&quot;no&quot;,&quot;_animation&quot;:&quot;slideInLeft&quot;,&quot;_animation_tablet&quot;:&quot;slideInLeft&quot;,&quot;_animation_mobile&quot;:&quot;slideInLeft&quot;,&quot;pause_on_interaction&quot;:&quot;no&quot;,&quot;speed&quot;:900,&quot;_animation_delay&quot;:333,&quot;autoplay&quot;:&quot;yes&quot;,&quot;autoplay_speed&quot;:5000,&quot;infinite&quot;:&quot;yes&quot;,&quot;effect&quot;:&quot;slide&quot;}\" data-widget_type=\"image-carousel.default\">\n\t\t\t\t<div class=\"elementor-widget-container\">\n\t\t\t\t\t<div class=\"elementor-image-carousel-wrapper swiper\" dir=\"ltr\">\n\t\t\t<div class=\"elementor-image-carousel swiper-wrapper\" aria-live=\"off\">\n\t\t\t\t\t\t\t\t<div class=\"swiper-slide\" role=\"group\" aria-roledescription=\"slide\" aria-label=\"1 von 6\"><figure class=\"swiper-slide-inner\"><img decoding=\"async\" class=\"swiper-slide-image\" src=\"https:\/\/www.trau-zweig.de\/wp-content\/uploads\/elementor\/thumbs\/bridal-4677348_1280-ot3nkqmbv3jhk2iprfdm3vvlapzajejywjgx314sw0.jpg\" alt=\"bridal-4677348_1280\" \/><\/figure><\/div><div class=\"swiper-slide\" role=\"group\" aria-roledescription=\"slide\" aria-label=\"2 von 6\"><figure class=\"swiper-slide-inner\"><img decoding=\"async\" class=\"swiper-slide-image\" src=\"https:\/\/www.trau-zweig.de\/wp-content\/uploads\/elementor\/thumbs\/cover-2-osycsu0qafw9pcjai8jfah6vpv0gegg1nkbif28u2o.jpg\" alt=\"Braut im Sand\" \/><\/figure><\/div><div class=\"swiper-slide\" role=\"group\" aria-roledescription=\"slide\" aria-label=\"3 von 6\"><figure class=\"swiper-slide-inner\"><img decoding=\"async\" class=\"swiper-slide-image\" src=\"https:\/\/www.trau-zweig.de\/wp-content\/uploads\/elementor\/thumbs\/bride-and-groom-vor-dem-Meer-ot3nkudomfomuid95h04duxfo9gre6yw922v04z874.jpg\" alt=\"bride and groom vor dem Meer\" \/><\/figure><\/div><div class=\"swiper-slide\" role=\"group\" aria-roledescription=\"slide\" aria-label=\"4 von 6\"><figure class=\"swiper-slide-inner\"><img decoding=\"async\" class=\"swiper-slide-image\" src=\"https:\/\/www.trau-zweig.de\/wp-content\/uploads\/elementor\/thumbs\/nature-2591250_1280-ot3nqqt7izrfqdsop0tt1dblxcdppse8e9ilgo894w.jpg\" alt=\"nature-2591250_1280\" \/><\/figure><\/div><div class=\"swiper-slide\" role=\"group\" aria-roledescription=\"slide\" aria-label=\"5 von 6\"><figure class=\"swiper-slide-inner\"><img decoding=\"async\" class=\"swiper-slide-image\" src=\"https:\/\/www.trau-zweig.de\/wp-content\/uploads\/elementor\/thumbs\/couple-ot3nky51drts4y7sjimmntza1sy88zdtlkosx8tni8.jpg\" alt=\"couple\" \/><\/figure><\/div><div class=\"swiper-slide\" role=\"group\" aria-roledescription=\"slide\" aria-label=\"6 von 6\"><figure class=\"swiper-slide-inner\"><img decoding=\"async\" class=\"swiper-slide-image\" src=\"https:\/\/www.trau-zweig.de\/wp-content\/uploads\/elementor\/thumbs\/people-2563490_1280-ot3nqukkabwl0tn832gbbcdgavv6kkt5qs4jds2og0.jpg\" alt=\"people-2563490_1280\" \/><\/figure><\/div>\t\t\t<\/div>\n\t\t\t\t\t\t\t\n\t\t\t\t\t\t\t\t\t<div class=\"swiper-pagination\"><\/div>\n\t\t\t\t\t\t\t\t\t<\/div>\n\t\t\t\t<\/div>\n\t\t\t\t<\/div>\n\t\t\t\t\t<\/div>\n\t\t<\/div>\n\t\t\t\t<div class=\"elementor-column elementor-col-50 elementor-top-column elementor-element elementor-element-2241ffa\" data-id=\"2241ffa\" data-element_type=\"column\">\n\t\t\t<div class=\"elementor-widget-wrap elementor-element-populated\">\n\t\t\t\t\t\t<div class=\"elementor-element elementor-element-1d371bd elementor-widget elementor-widget-heading\" data-id=\"1d371bd\" data-element_type=\"widget\" data-widget_type=\"heading.default\">\n\t\t\t\t<div class=\"elementor-widget-container\">\n\t\t\t<h2 class=\"elementor-heading-title elementor-size-default\">Hallo ihr Lieben!<\/h2>\t\t<\/div>\n\t\t\t\t<\/div>\n\t\t\t\t<div class=\"elementor-element elementor-element-7961596 elementor-widget elementor-widget-text-editor\" data-id=\"7961596\" data-element_type=\"widget\" data-widget_type=\"text-editor.default\">\n\t\t\t\t<div class=\"elementor-widget-container\">\n\t\t\t\t\t\t\t<p>Es freut mich, dass ihr den Weg auf meine Seite gefunden habt. Wahrscheinlich wollt ihr bald heiraten und seid schon mitten in der Planung. Vielleicht steht schon die Location, das Catering und die Hochzeitstorte ist bestellt, aber es fehlt euch noch jemand f\u00fcr die eigentliche Trauzeremonie, denn ihr heiratet nicht kirchlich und die standesamtliche Trauung findet schon vor eurer Feier statt? Ihr sucht eine freie Traurednerin, die euch mit ihrer Rede auf eine Reise zu den Anf\u00e4ngen eurer Liebe entf\u00fchrt? Eine Liebe, die gewachsen ist und euch dazu bewegt hat, euch nun das Ja-Wort zu geben?<\/p><p>Dann seid Ihr bei mir \u201eHerzlich Willkommen!\u201c<\/p><p>Als freie Traurednerin plane ich mit euch gemeinsam eure Trauzeremonie ganz nach euren W\u00fcnschen und Vorstellungen. Ihr wollt Trauzeugen, Freunde, Familie oder Kinder aktiv in die Zeremonie mit einbinden, wisst aber noch nicht genau wie? Gemeinsam finden wir dazu das passende Trauritual oder entwerfen einfach ein v\u00f6llig Neues. Der Phantasie sind keine Grenzen gesetzt.<\/p><p>Ich freue mich schon sehr darauf euch bald kennenzulernen, denn so einzigartig ihr als Paar seid, so ist es auch eure gemeinsame Geschichte, die an eurem gro\u00dfen Tag im Fokus steht. Mit meiner Rede erlebt ihr noch mal die besonderen, romantischen und lustigen Momente eurer Liebe. Ich hoffe also, dass Ihr die Zeit findet mir mehr von euch zu erz\u00e4hlen :-). Wie habt ihr euch kennengelernt? Wisst ihr noch wer dabei den anderen zuerst erblickt hat?<\/p><p>Es kommt einiges an Fragen auf euch zu, aber ihr werdet daf\u00fcr auch belohnt und bekommt eine Rede, die ihr auch noch Jahre sp\u00e4ter wieder zur Hand nehmen k\u00f6nnt, um euch an diesen wundersch\u00f6nen, emotionalen Tag zu erinnern.<\/p><p>#Nostalgie<\/p>\t\t\t\t\t\t<\/div>\n\t\t\t\t<\/div>\n\t\t\t\t\t<\/div>\n\t\t<\/div>\n\t\t\t\t\t<\/div>\n\t\t<\/section>\n\t\t\t\t<\/div>\n\t\t","protected":false},"excerpt":{"rendered":"<p>Hallo ihr Lieben! Es freut mich, dass ihr den Weg auf meine Seite gefunden habt. Wahrscheinlich wollt ihr bald heiraten und seid schon mitten in der Planung. Vielleicht steht schon die Location, das Catering und die Hochzeitstorte ist bestellt, aber es fehlt euch noch jemand f\u00fcr die eigentliche Trauzeremonie, denn ihr heiratet nicht kirchlich und [&hellip;]<\/p>\n","protected":false},"author":1,"featured_media":0,"parent":0,"menu_order":0,"comment_status":"closed","ping_status":"closed","template":"","meta":{"site-sidebar-layout":"default","site-content-layout":"default","ast-site-content-layout":"","site-content-style":"default","site-sidebar-style":"default","ast-global-header-display":"","ast-banner-title-visibility":"","ast-main-header-display":"","ast-hfb-above-header-display":"","ast-hfb-below-header-display":"","ast-hfb-mobile-header-display":"","site-post-title":"","ast-breadcrumbs-content":"","ast-featured-img":"","footer-sml-layout":"","theme-transparent-header-meta":"default","adv-header-id-meta":"","stick-header-meta":"","header-above-stick-meta":"","header-main-stick-meta":"","header-below-stick-meta":"","astra-migrate-meta-layouts":"default","ast-page-background-enabled":"default","ast-page-background-meta":{"desktop":{"background-color":"","background-image":"","background-repeat":"repeat","background-position":"center center","background-size":"auto","background-attachment":"scroll","background-type":"","background-media":"","overlay-type":"","overlay-color":"","overlay-opacity":"","overlay-gradient":""},"tablet":{"background-color":"","background-image":"","background-repeat":"repeat","background-position":"center center","background-size":"auto","background-attachment":"scroll","background-type":"","background-media":"","overlay-type":"","overlay-color":"","overlay-opacity":"","overlay-gradient":""},"mobile":{"background-color":"","background-image":"","background-repeat":"repeat","background-position":"center center","background-size":"auto","background-attachment":"scroll","background-type":"","background-media":"","overlay-type":"","overlay-color":"","overlay-opacity":"","overlay-gradient":""}},"ast-content-background-meta":{"desktop":{"background-color":"var(--ast-global-color-5)","background-image":"","background-repeat":"repeat","background-position":"center center","background-size":"auto","background-attachment":"scroll","background-type":"","background-media":"","overlay-type":"","overlay-color":"","overlay-opacity":"","overlay-gradient":""},"tablet":{"background-color":"var(--ast-global-color-5)","background-image":"","background-repeat":"repeat","background-position":"center center","background-size":"auto","background-attachment":"scroll","background-type":"","background-media":"","overlay-type":"","overlay-color":"","overlay-opacity":"","overlay-gradient":""},"mobile":{"background-color":"var(--ast-global-color-5)","background-image":"","background-repeat":"repeat","background-position":"center center","background-size":"auto","background-attachment":"scroll","background-type":"","background-media":"","overlay-type":"","overlay-color":"","overlay-opacity":"","overlay-gradient":""}},"footnotes":""},"_links":{"self":[{"href":"https:\/\/www.trau-zweig.de\/index.php\/wp-json\/wp\/v2\/pages\/77"}],"collection":[{"href":"https:\/\/www.trau-zweig.de\/index.php\/wp-json\/wp\/v2\/pages"}],"about":[{"href":"https:\/\/www.trau-zweig.de\/index.php\/wp-json\/wp\/v2\/types\/page"}],"author":[{"embeddable":true,"href":"https:\/\/www.trau-zweig.de\/index.php\/wp-json\/wp\/v2\/users\/1"}],"replies":[{"embeddable":true,"href":"https:\/\/www.trau-zweig.de\/index.php\/wp-json\/wp\/v2\/comments?post=77"}],"version-history":[{"count":18,"href":"https:\/\/www.trau-zweig.de\/index.php\/wp-json\/wp\/v2\/pages\/77\/revisions"}],"predecessor-version":[{"id":383,"href":"https:\/\/www.trau-zweig.de\/index.php\/wp-json\/wp\/v2\/pages\/77\/revisions\/383"}],"wp:attachment":[{"href":"https:\/\/www.trau-zweig.de\/index.php\/wp-json\/wp\/v2\/media?parent=77"}],"curies":[{"name":"wp","href":"https:\/\/api.w.org\/{rel}","templated":true}]}}