{"id":35,"date":"2020-07-24T18:58:42","date_gmt":"2020-07-24T18:58:42","guid":{"rendered":"https:\/\/www.trau-zweig.de\/?page_id=35"},"modified":"2020-08-31T15:34:26","modified_gmt":"2020-08-31T13:34:26","slug":"about-me","status":"publish","type":"page","link":"https:\/\/www.trau-zweig.de\/index.php\/about-me\/","title":{"rendered":"\u00dcber Mich"},"content":{"rendered":"\t\t<div data-elementor-type=\"wp-page\" data-elementor-id=\"35\" class=\"elementor elementor-35\">\n\t\t\t\t\t\t<section class=\"elementor-section elementor-top-section elementor-element elementor-element-81f678c elementor-section-boxed elementor-section-height-default elementor-section-height-default\" data-id=\"81f678c\" data-element_type=\"section\">\n\t\t\t\t\t\t<div class=\"elementor-container elementor-column-gap-default\">\n\t\t\t\t\t<div class=\"elementor-column elementor-col-50 elementor-top-column elementor-element elementor-element-f9a1b97\" data-id=\"f9a1b97\" data-element_type=\"column\">\n\t\t\t<div class=\"elementor-widget-wrap elementor-element-populated\">\n\t\t\t\t\t\t<div class=\"elementor-element elementor-element-5c8adc1 animated-slow elementor-invisible elementor-widget elementor-widget-image\" data-id=\"5c8adc1\" data-element_type=\"widget\" data-settings=\"{&quot;_animation&quot;:&quot;rotateInUpRight&quot;,&quot;_animation_tablet&quot;:&quot;rotateInUpRight&quot;,&quot;_animation_mobile&quot;:&quot;rotateInUpRight&quot;,&quot;_animation_delay&quot;:200}\" data-widget_type=\"image.default\">\n\t\t\t\t<div class=\"elementor-widget-container\">\n\t\t\t\t\t\t\t\t\t\t\t\t\t<img decoding=\"async\" src=\"https:\/\/www.trau-zweig.de\/wp-content\/uploads\/elementor\/thumbs\/20200808_175245-scaled-ous1pfqiis2tzdzshc6zin8odtn2afoflrlrq2ddr4.jpg\" title=\"Traurednerin Bielefeld\" alt=\"Trau Zweig\" loading=\"lazy\" \/>\t\t\t\t\t\t\t\t\t\t\t\t\t<\/div>\n\t\t\t\t<\/div>\n\t\t\t\t\t<\/div>\n\t\t<\/div>\n\t\t\t\t<div class=\"elementor-column elementor-col-50 elementor-top-column elementor-element elementor-element-1b3665e\" data-id=\"1b3665e\" data-element_type=\"column\">\n\t\t\t<div class=\"elementor-widget-wrap elementor-element-populated\">\n\t\t\t\t\t\t<div class=\"elementor-element elementor-element-1f64169 elementor-widget elementor-widget-text-editor\" data-id=\"1f64169\" data-element_type=\"widget\" data-widget_type=\"text-editor.default\">\n\t\t\t\t<div class=\"elementor-widget-container\">\n\t\t\t\t\t\t\t<p>Ich hei\u00dfe Viktoria und bin eigentlich staatlich gepr\u00fcfte Betriebswirtin mit dem Schwerpunkt Personalwirtschaft. Es ist ein sch\u00f6ner Beruf, doch seit der Geburt meiner Tochter Anfang 2019 kam in mir der Wunsch auf, langfristig etwas zu tun, das mich mehr erf\u00fcllt. Einfach etwas, das mich begeistert!<\/p><p>Doch warum ausgerechnet freie Traurednerin?<\/p><p>Ich war bereits auf zahlreichen Hochzeiten und habe dabei auch einige freie Trauungen erlebt, die mich sehr ber\u00fchrt haben. Da ich selbst gerne schreibe, rede und Hochzeiten immer wieder so aufregend, sch\u00f6n und bewegend finde, fing ich an mir vorzustellen, wie es w\u00e4re selbst einmal Brautpaare zu trauen und ihnen an ihrem gro\u00dfen Tag zur Seite zu stehen.<\/p><p>Je mehr ich mich daraufhin mit Hochzeiten befasste, je gr\u00f6\u00dfer wurde mein Wunsch von der Selbstst\u00e4ndigkeit als freie Traurednerin.<\/p><p>Wie das dann oft so ist, habe ich zun\u00e4chst eine Suchmaschine f\u00f6rmlich zum Gl\u00fchen gebracht wie ich mich in diesem Bereich ausbilden lassen kann und habe so zum Gl\u00fcck Elena B\u00f6cker kennengelernt, die besser bekannt ist als \u201eTraufr\u00e4ulein\u201c.<\/p><p>So durfte ich von einem Profi lernen und m\u00f6chte dies jetzt nutzen, um f\u00fcr Euch eure perfekte freie Trauung zu gestalten. Dabei sind euren W\u00fcnschen keine Grenzen gesetzt! Ihr bestimmt Ort, Zeit und Ablauf. Ob nun bei Mondschein am Strand, vor einem Sonnenblumenfeld, im heimischen Garten oder bei zahlreichen anderen interessanten Locations.<\/p><p>Ich freue mich jedenfalls schon riesig auf eure Geschichte als Paar! Wie habt Ihr euch kennengelernt? Wie war der Antrag? Was verbindet euch?<\/p><p>Erz\u00e4hlt mir eure Geschichte und ich schreibe eure individuelle Traurede, die euch sowie eure G\u00e4ste verzaubern wird.<\/p>\t\t\t\t\t\t<\/div>\n\t\t\t\t<\/div>\n\t\t\t\t\t<\/div>\n\t\t<\/div>\n\t\t\t\t\t<\/div>\n\t\t<\/section>\n\t\t\t\t<section class=\"elementor-section elementor-top-section elementor-element elementor-element-85b45f4 elementor-section-boxed elementor-section-height-default elementor-section-height-default\" data-id=\"85b45f4\" data-element_type=\"section\">\n\t\t\t\t\t\t<div class=\"elementor-container elementor-column-gap-default\">\n\t\t\t\t\t<div class=\"elementor-column elementor-col-100 elementor-top-column elementor-element elementor-element-aa914d5\" data-id=\"aa914d5\" data-element_type=\"column\">\n\t\t\t<div class=\"elementor-widget-wrap elementor-element-populated\">\n\t\t\t\t\t\t<div class=\"elementor-element elementor-element-8735daf elementor-widget elementor-widget-spacer\" data-id=\"8735daf\" data-element_type=\"widget\" data-widget_type=\"spacer.default\">\n\t\t\t\t<div class=\"elementor-widget-container\">\n\t\t\t\t\t<div class=\"elementor-spacer\">\n\t\t\t<div class=\"elementor-spacer-inner\"><\/div>\n\t\t<\/div>\n\t\t\t\t<\/div>\n\t\t\t\t<\/div>\n\t\t\t\t\t<\/div>\n\t\t<\/div>\n\t\t\t\t\t<\/div>\n\t\t<\/section>\n\t\t\t\t<\/div>\n\t\t","protected":false},"excerpt":{"rendered":"<p>Ich hei\u00dfe Viktoria und bin eigentlich staatlich gepr\u00fcfte Betriebswirtin mit dem Schwerpunkt Personalwirtschaft. Es ist ein sch\u00f6ner Beruf, doch seit der Geburt meiner Tochter Anfang 2019 kam in mir der Wunsch auf, langfristig etwas zu tun, das mich mehr erf\u00fcllt. Einfach etwas, das mich begeistert! Doch warum ausgerechnet freie Traurednerin? Ich war bereits auf zahlreichen [&hellip;]<\/p>\n","protected":false},"author":1,"featured_media":0,"parent":0,"menu_order":0,"comment_status":"closed","ping_status":"closed","template":"","meta":{"site-sidebar-layout":"no-sidebar","site-content-layout":"page-builder","ast-site-content-layout":"","site-content-style":"default","site-sidebar-style":"default","ast-global-header-display":"","ast-banner-title-visibility":"","ast-main-header-display":"","ast-hfb-above-header-display":"","ast-hfb-below-header-display":"","ast-hfb-mobile-header-display":"","site-post-title":"disabled","ast-breadcrumbs-content":"","ast-featured-img":"disabled","footer-sml-layout":"","theme-transparent-header-meta":"default","adv-header-id-meta":"","stick-header-meta":"","header-above-stick-meta":"","header-main-stick-meta":"","header-below-stick-meta":"","astra-migrate-meta-layouts":"default","ast-page-background-enabled":"default","ast-page-background-meta":{"desktop":{"background-color":"","background-image":"","background-repeat":"repeat","background-position":"center center","background-size":"auto","background-attachment":"scroll","background-type":"","background-media":"","overlay-type":"","overlay-color":"","overlay-opacity":"","overlay-gradient":""},"tablet":{"background-color":"","background-image":"","background-repeat":"repeat","background-position":"center center","background-size":"auto","background-attachment":"scroll","background-type":"","background-media":"","overlay-type":"","overlay-color":"","overlay-opacity":"","overlay-gradient":""},"mobile":{"background-color":"","background-image":"","background-repeat":"repeat","background-position":"center center","background-size":"auto","background-attachment":"scroll","background-type":"","background-media":"","overlay-type":"","overlay-color":"","overlay-opacity":"","overlay-gradient":""}},"ast-content-background-meta":{"desktop":{"background-color":"var(--ast-global-color-5)","background-image":"","background-repeat":"repeat","background-position":"center center","background-size":"auto","background-attachment":"scroll","background-type":"","background-media":"","overlay-type":"","overlay-color":"","overlay-opacity":"","overlay-gradient":""},"tablet":{"background-color":"var(--ast-global-color-5)","background-image":"","background-repeat":"repeat","background-position":"center center","background-size":"auto","background-attachment":"scroll","background-type":"","background-media":"","overlay-type":"","overlay-color":"","overlay-opacity":"","overlay-gradient":""},"mobile":{"background-color":"var(--ast-global-color-5)","background-image":"","background-repeat":"repeat","background-position":"center center","background-size":"auto","background-attachment":"scroll","background-type":"","background-media":"","overlay-type":"","overlay-color":"","overlay-opacity":"","overlay-gradient":""}},"footnotes":""},"_links":{"self":[{"href":"https:\/\/www.trau-zweig.de\/index.php\/wp-json\/wp\/v2\/pages\/35"}],"collection":[{"href":"https:\/\/www.trau-zweig.de\/index.php\/wp-json\/wp\/v2\/pages"}],"about":[{"href":"https:\/\/www.trau-zweig.de\/index.php\/wp-json\/wp\/v2\/types\/page"}],"author":[{"embeddable":true,"href":"https:\/\/www.trau-zweig.de\/index.php\/wp-json\/wp\/v2\/users\/1"}],"replies":[{"embeddable":true,"href":"https:\/\/www.trau-zweig.de\/index.php\/wp-json\/wp\/v2\/comments?post=35"}],"version-history":[{"count":22,"href":"https:\/\/www.trau-zweig.de\/index.php\/wp-json\/wp\/v2\/pages\/35\/revisions"}],"predecessor-version":[{"id":371,"href":"https:\/\/www.trau-zweig.de\/index.php\/wp-json\/wp\/v2\/pages\/35\/revisions\/371"}],"wp:attachment":[{"href":"https:\/\/www.trau-zweig.de\/index.php\/wp-json\/wp\/v2\/media?parent=35"}],"curies":[{"name":"wp","href":"https:\/\/api.w.org\/{rel}","templated":true}]}}